{"id":1387,"date":"2018-11-24T19:36:21","date_gmt":"2018-11-24T19:36:21","guid":{"rendered":"https:\/\/www.styreguiden.no\/SG\/?page_id=1387"},"modified":"2021-09-22T18:41:27","modified_gmt":"2021-09-22T18:41:27","slug":"aktuelt","status":"publish","type":"page","link":"https:\/\/www.styreguiden.no\/SG\/aktuelt\/","title":{"rendered":"Aktuelt"},"content":{"rendered":"\t\t<div data-elementor-type=\"wp-post\" data-elementor-id=\"1387\" class=\"elementor elementor-1387\" data-elementor-post-type=\"page\">\n\t\t\t\t\t\t<section class=\"elementor-section elementor-top-section elementor-element elementor-element-784ec91 elementor-section-boxed elementor-section-height-default elementor-section-height-default\" data-id=\"784ec91\" data-element_type=\"section\" data-e-type=\"section\">\n\t\t\t\t\t\t<div class=\"elementor-container elementor-column-gap-default\">\n\t\t\t\t\t<div class=\"elementor-column elementor-col-100 elementor-top-column elementor-element elementor-element-daa476a\" data-id=\"daa476a\" data-element_type=\"column\" data-e-type=\"column\">\n\t\t\t<div class=\"elementor-widget-wrap elementor-element-populated\">\n\t\t\t\t\t\t<div class=\"elementor-element elementor-element-e3cae28 elementor-widget elementor-widget-spacer\" data-id=\"e3cae28\" data-element_type=\"widget\" data-e-type=\"widget\" data-widget_type=\"spacer.default\">\n\t\t\t\t<div class=\"elementor-widget-container\">\n\t\t\t\t\t\t\t<div class=\"elementor-spacer\">\n\t\t\t<div class=\"elementor-spacer-inner\"><\/div>\n\t\t<\/div>\n\t\t\t\t\t\t<\/div>\n\t\t\t\t<\/div>\n\t\t\t\t<div class=\"elementor-element elementor-element-2b347fe elementor-grid-3 elementor-grid-tablet-2 elementor-grid-mobile-1 elementor-posts--thumbnail-top elementor-card-shadow-yes elementor-posts__hover-gradient elementor-widget elementor-widget-posts\" data-id=\"2b347fe\" data-element_type=\"widget\" data-e-type=\"widget\" data-settings=\"{&quot;pagination_type&quot;:&quot;numbers_and_prev_next&quot;,&quot;cards_columns&quot;:&quot;3&quot;,&quot;cards_columns_tablet&quot;:&quot;2&quot;,&quot;cards_columns_mobile&quot;:&quot;1&quot;,&quot;cards_row_gap&quot;:{&quot;unit&quot;:&quot;px&quot;,&quot;size&quot;:35,&quot;sizes&quot;:[]},&quot;cards_row_gap_tablet&quot;:{&quot;unit&quot;:&quot;px&quot;,&quot;size&quot;:&quot;&quot;,&quot;sizes&quot;:[]},&quot;cards_row_gap_mobile&quot;:{&quot;unit&quot;:&quot;px&quot;,&quot;size&quot;:&quot;&quot;,&quot;sizes&quot;:[]}}\" data-widget_type=\"posts.cards\">\n\t\t\t\t<div class=\"elementor-widget-container\">\n\t\t\t\t\t\t\t<div class=\"elementor-posts-container elementor-posts elementor-posts--skin-cards elementor-grid\">\n\t\t\t\t<article class=\"elementor-post elementor-grid-item post-30581 post type-post status-publish format-standard has-post-thumbnail hentry category-aktuelt\">\n\t\t\t<div class=\"elementor-post__card\">\n\t\t\t\t<a class=\"elementor-post__thumbnail__link\" href=\"https:\/\/www.styreguiden.no\/SG\/praktisk-styrearbeid-for-smb-bedrifter\/\" tabindex=\"-1\" ><div class=\"elementor-post__thumbnail\"><img fetchpriority=\"high\" decoding=\"async\" width=\"300\" height=\"169\" src=\"https:\/\/www.styreguiden.no\/SG\/wp-content\/uploads\/2021\/03\/vidar-6-300x169.jpg\" class=\"attachment-medium size-medium wp-image-30582\" alt=\"\" srcset=\"https:\/\/www.styreguiden.no\/SG\/wp-content\/uploads\/2021\/03\/vidar-6-300x169.jpg 300w, https:\/\/www.styreguiden.no\/SG\/wp-content\/uploads\/2021\/03\/vidar-6-1024x576.jpg 1024w, https:\/\/www.styreguiden.no\/SG\/wp-content\/uploads\/2021\/03\/vidar-6-768x432.jpg 768w, https:\/\/www.styreguiden.no\/SG\/wp-content\/uploads\/2021\/03\/vidar-6.jpg 1200w\" sizes=\"(max-width: 300px) 100vw, 300px\" \/><\/div><\/a>\n\t\t\t\t<div class=\"elementor-post__text\">\n\t\t\t\t<h3 class=\"elementor-post__title\">\n\t\t\t<a href=\"https:\/\/www.styreguiden.no\/SG\/praktisk-styrearbeid-for-smb-bedrifter\/\" >\n\t\t\t\tPraktisk styrearbeid for SMB-bedrifter\t\t\t<\/a>\n\t\t<\/h3>\n\t\t\t\t<div class=\"elementor-post__excerpt\">\n\t\t\t<p>Er det lovp\u00e5lagt \u00e5 lage \u00e5rsplaner, hvor mange styrem\u00f8ter m\u00e5 avholdes, hva skal styreprotokollen inneholde og hvor lenge skal denne oppbevares? Hvilke strategisp\u00f8rsm\u00e5l skal vi stille? Har vi riktig kompetanse<\/p>\n\t\t<\/div>\n\t\t\n\t\t<a class=\"elementor-post__read-more\" href=\"https:\/\/www.styreguiden.no\/SG\/praktisk-styrearbeid-for-smb-bedrifter\/\" aria-label=\"Read more about Praktisk styrearbeid for SMB-bedrifter\" tabindex=\"-1\" >\n\t\t\tLES MER \u00bb\t\t<\/a>\n\n\t\t\t\t<\/div>\n\t\t\t\t\t<\/div>\n\t\t<\/article>\n\t\t\t\t<article class=\"elementor-post elementor-grid-item post-30578 post type-post status-publish format-standard has-post-thumbnail hentry category-aktuelt\">\n\t\t\t<div class=\"elementor-post__card\">\n\t\t\t\t<a class=\"elementor-post__thumbnail__link\" href=\"https:\/\/www.styreguiden.no\/SG\/budsjett-og-strategi\/\" tabindex=\"-1\" ><div class=\"elementor-post__thumbnail\"><img decoding=\"async\" width=\"300\" height=\"200\" src=\"https:\/\/www.styreguiden.no\/SG\/wp-content\/uploads\/2021\/03\/Budsjett-og-strategi-300x200.jpg\" class=\"attachment-medium size-medium wp-image-30579\" alt=\"\" srcset=\"https:\/\/www.styreguiden.no\/SG\/wp-content\/uploads\/2021\/03\/Budsjett-og-strategi-300x200.jpg 300w, https:\/\/www.styreguiden.no\/SG\/wp-content\/uploads\/2021\/03\/Budsjett-og-strategi-1024x683.jpg 1024w, https:\/\/www.styreguiden.no\/SG\/wp-content\/uploads\/2021\/03\/Budsjett-og-strategi-768x512.jpg 768w, https:\/\/www.styreguiden.no\/SG\/wp-content\/uploads\/2021\/03\/Budsjett-og-strategi.jpg 1100w\" sizes=\"(max-width: 300px) 100vw, 300px\" \/><\/div><\/a>\n\t\t\t\t<div class=\"elementor-post__text\">\n\t\t\t\t<h3 class=\"elementor-post__title\">\n\t\t\t<a href=\"https:\/\/www.styreguiden.no\/SG\/budsjett-og-strategi\/\" >\n\t\t\t\tBudsjett og strategi\t\t\t<\/a>\n\t\t<\/h3>\n\t\t\t\t<div class=\"elementor-post__excerpt\">\n\t\t\t<p>Budsjettering kan v\u00e6re en utfordrende og krevende prosess for mange selskaper, spesielt i usikre og utfordrende tider som mange opplever n\u00e5. Det kan like fort v\u00e6re den mest spennende og<\/p>\n\t\t<\/div>\n\t\t\n\t\t<a class=\"elementor-post__read-more\" href=\"https:\/\/www.styreguiden.no\/SG\/budsjett-og-strategi\/\" aria-label=\"Read more about Budsjett og strategi\" tabindex=\"-1\" >\n\t\t\tLES MER \u00bb\t\t<\/a>\n\n\t\t\t\t<\/div>\n\t\t\t\t\t<\/div>\n\t\t<\/article>\n\t\t\t\t<article class=\"elementor-post elementor-grid-item post-30574 post type-post status-publish format-standard has-post-thumbnail hentry category-aktuelt\">\n\t\t\t<div class=\"elementor-post__card\">\n\t\t\t\t<a class=\"elementor-post__thumbnail__link\" href=\"https:\/\/www.styreguiden.no\/SG\/strategisporsmal-styret-ma-stille\/\" tabindex=\"-1\" ><div class=\"elementor-post__thumbnail\"><img decoding=\"async\" width=\"300\" height=\"157\" src=\"https:\/\/www.styreguiden.no\/SG\/wp-content\/uploads\/2021\/03\/Strategisporsmal-styret-ma-stille-300x157.jpg\" class=\"attachment-medium size-medium wp-image-30575\" alt=\"\" srcset=\"https:\/\/www.styreguiden.no\/SG\/wp-content\/uploads\/2021\/03\/Strategisporsmal-styret-ma-stille-300x157.jpg 300w, https:\/\/www.styreguiden.no\/SG\/wp-content\/uploads\/2021\/03\/Strategisporsmal-styret-ma-stille-1024x536.jpg 1024w, https:\/\/www.styreguiden.no\/SG\/wp-content\/uploads\/2021\/03\/Strategisporsmal-styret-ma-stille-768x402.jpg 768w, https:\/\/www.styreguiden.no\/SG\/wp-content\/uploads\/2021\/03\/Strategisporsmal-styret-ma-stille.jpg 1100w\" sizes=\"(max-width: 300px) 100vw, 300px\" \/><\/div><\/a>\n\t\t\t\t<div class=\"elementor-post__text\">\n\t\t\t\t<h3 class=\"elementor-post__title\">\n\t\t\t<a href=\"https:\/\/www.styreguiden.no\/SG\/strategisporsmal-styret-ma-stille\/\" >\n\t\t\t\tStrategisp\u00f8rsm\u00e5l styret m\u00e5 stille\t\t\t<\/a>\n\t\t<\/h3>\n\t\t\t\t<div class=\"elementor-post__excerpt\">\n\t\t\t<p>Styret har ansvar for at selskapet utvikler den strategien som skal til for \u00e5 ivareta eierens interesser og selskapets form\u00e5l. Strategi i styret m\u00e5 v\u00e6re en prioritert oppgave for alle<\/p>\n\t\t<\/div>\n\t\t\n\t\t<a class=\"elementor-post__read-more\" href=\"https:\/\/www.styreguiden.no\/SG\/strategisporsmal-styret-ma-stille\/\" aria-label=\"Read more about Strategisp\u00f8rsm\u00e5l styret m\u00e5 stille\" tabindex=\"-1\" >\n\t\t\tLES MER \u00bb\t\t<\/a>\n\n\t\t\t\t<\/div>\n\t\t\t\t\t<\/div>\n\t\t<\/article>\n\t\t\t\t<article class=\"elementor-post elementor-grid-item post-30570 post type-post status-publish format-standard has-post-thumbnail hentry category-aktuelt\">\n\t\t\t<div class=\"elementor-post__card\">\n\t\t\t\t<a class=\"elementor-post__thumbnail__link\" href=\"https:\/\/www.styreguiden.no\/SG\/styreprotokollen-viktigere-enn-noen-gang\/\" tabindex=\"-1\" ><div class=\"elementor-post__thumbnail\"><img loading=\"lazy\" decoding=\"async\" width=\"300\" height=\"200\" src=\"https:\/\/www.styreguiden.no\/SG\/wp-content\/uploads\/2021\/03\/Styreprotokollen-\u2013-viktigere-enn-noen-gang-300x200.jpg\" class=\"attachment-medium size-medium wp-image-30571\" alt=\"\" srcset=\"https:\/\/www.styreguiden.no\/SG\/wp-content\/uploads\/2021\/03\/Styreprotokollen-\u2013-viktigere-enn-noen-gang-300x200.jpg 300w, https:\/\/www.styreguiden.no\/SG\/wp-content\/uploads\/2021\/03\/Styreprotokollen-\u2013-viktigere-enn-noen-gang-1024x683.jpg 1024w, https:\/\/www.styreguiden.no\/SG\/wp-content\/uploads\/2021\/03\/Styreprotokollen-\u2013-viktigere-enn-noen-gang-768x512.jpg 768w, https:\/\/www.styreguiden.no\/SG\/wp-content\/uploads\/2021\/03\/Styreprotokollen-\u2013-viktigere-enn-noen-gang.jpg 1100w\" sizes=\"(max-width: 300px) 100vw, 300px\" \/><\/div><\/a>\n\t\t\t\t<div class=\"elementor-post__text\">\n\t\t\t\t<h3 class=\"elementor-post__title\">\n\t\t\t<a href=\"https:\/\/www.styreguiden.no\/SG\/styreprotokollen-viktigere-enn-noen-gang\/\" >\n\t\t\t\tStyreprotokollen \u2013 viktigere enn noen gang\t\t\t<\/a>\n\t\t<\/h3>\n\t\t\t\t<div class=\"elementor-post__excerpt\">\n\t\t\t<p>Styreprotokollen er faktisk det eneste beviset som styret etterlater seg at styrem\u00f8te har funnet sted. Formalkravene til innholdet i en styreprotokoll de er nedfelt i aksjeloven \u00a7 6-29. Det som<\/p>\n\t\t<\/div>\n\t\t\n\t\t<a class=\"elementor-post__read-more\" href=\"https:\/\/www.styreguiden.no\/SG\/styreprotokollen-viktigere-enn-noen-gang\/\" aria-label=\"Read more about Styreprotokollen \u2013 viktigere enn noen gang\" tabindex=\"-1\" >\n\t\t\tLES MER \u00bb\t\t<\/a>\n\n\t\t\t\t<\/div>\n\t\t\t\t\t<\/div>\n\t\t<\/article>\n\t\t\t\t<article class=\"elementor-post elementor-grid-item post-30566 post type-post status-publish format-standard has-post-thumbnail hentry category-aktuelt category-uncategorized\">\n\t\t\t<div class=\"elementor-post__card\">\n\t\t\t\t<a class=\"elementor-post__thumbnail__link\" href=\"https:\/\/www.styreguiden.no\/SG\/styre-og-okonomiforstaelse-i-utfordrende-tider\/\" tabindex=\"-1\" ><div class=\"elementor-post__thumbnail\"><img loading=\"lazy\" decoding=\"async\" width=\"300\" height=\"200\" src=\"https:\/\/www.styreguiden.no\/SG\/wp-content\/uploads\/2021\/03\/Styre-og-okonomiforstaelse-i-utfordrende-tider-300x200.jpg\" class=\"attachment-medium size-medium wp-image-30567\" alt=\"\" srcset=\"https:\/\/www.styreguiden.no\/SG\/wp-content\/uploads\/2021\/03\/Styre-og-okonomiforstaelse-i-utfordrende-tider-300x200.jpg 300w, https:\/\/www.styreguiden.no\/SG\/wp-content\/uploads\/2021\/03\/Styre-og-okonomiforstaelse-i-utfordrende-tider-1024x683.jpg 1024w, https:\/\/www.styreguiden.no\/SG\/wp-content\/uploads\/2021\/03\/Styre-og-okonomiforstaelse-i-utfordrende-tider-768x512.jpg 768w, https:\/\/www.styreguiden.no\/SG\/wp-content\/uploads\/2021\/03\/Styre-og-okonomiforstaelse-i-utfordrende-tider.jpg 1100w\" sizes=\"(max-width: 300px) 100vw, 300px\" \/><\/div><\/a>\n\t\t\t\t<div class=\"elementor-post__text\">\n\t\t\t\t<h3 class=\"elementor-post__title\">\n\t\t\t<a href=\"https:\/\/www.styreguiden.no\/SG\/styre-og-okonomiforstaelse-i-utfordrende-tider\/\" >\n\t\t\t\tStyre- og \u00f8konomiforst\u00e5else i utfordrende tider\t\t\t<\/a>\n\t\t<\/h3>\n\t\t\t\t<div class=\"elementor-post__excerpt\">\n\t\t\t<p>I krevende tider kan det v\u00e6re spesiell kompetanse som kreves i styre og ledelse. Mange virksomheter tenker at endringer i styret gj\u00f8r man kun en gang i \u00e5ret p\u00e5 den<\/p>\n\t\t<\/div>\n\t\t\n\t\t<a class=\"elementor-post__read-more\" href=\"https:\/\/www.styreguiden.no\/SG\/styre-og-okonomiforstaelse-i-utfordrende-tider\/\" aria-label=\"Read more about Styre- og \u00f8konomiforst\u00e5else i utfordrende tider\" tabindex=\"-1\" >\n\t\t\tLES MER \u00bb\t\t<\/a>\n\n\t\t\t\t<\/div>\n\t\t\t\t\t<\/div>\n\t\t<\/article>\n\t\t\t\t<article class=\"elementor-post elementor-grid-item post-30563 post type-post status-publish format-standard has-post-thumbnail hentry category-aktuelt\">\n\t\t\t<div class=\"elementor-post__card\">\n\t\t\t\t<a class=\"elementor-post__thumbnail__link\" href=\"https:\/\/www.styreguiden.no\/SG\/prioriterte-oppgaver-for-styret\/\" tabindex=\"-1\" ><div class=\"elementor-post__thumbnail\"><img loading=\"lazy\" decoding=\"async\" width=\"300\" height=\"200\" src=\"https:\/\/www.styreguiden.no\/SG\/wp-content\/uploads\/2021\/03\/Prioriterte-oppgaver-for-styret-300x200.jpg\" class=\"attachment-medium size-medium wp-image-30564\" alt=\"\" srcset=\"https:\/\/www.styreguiden.no\/SG\/wp-content\/uploads\/2021\/03\/Prioriterte-oppgaver-for-styret-300x200.jpg 300w, https:\/\/www.styreguiden.no\/SG\/wp-content\/uploads\/2021\/03\/Prioriterte-oppgaver-for-styret-1024x683.jpg 1024w, https:\/\/www.styreguiden.no\/SG\/wp-content\/uploads\/2021\/03\/Prioriterte-oppgaver-for-styret-768x512.jpg 768w, https:\/\/www.styreguiden.no\/SG\/wp-content\/uploads\/2021\/03\/Prioriterte-oppgaver-for-styret.jpg 1100w\" sizes=\"(max-width: 300px) 100vw, 300px\" \/><\/div><\/a>\n\t\t\t\t<div class=\"elementor-post__text\">\n\t\t\t\t<h3 class=\"elementor-post__title\">\n\t\t\t<a href=\"https:\/\/www.styreguiden.no\/SG\/prioriterte-oppgaver-for-styret\/\" >\n\t\t\t\tPrioriterte oppgaver for styret\t\t\t<\/a>\n\t\t<\/h3>\n\t\t\t\t<div class=\"elementor-post__excerpt\">\n\t\t\t<p>De fleste nyter velfortjent ferie i disse dager, men mange styremedlemmer og daglig leder tenker allikevel p\u00e5 jobb og hva som skal prioritets n\u00e5r oppstarten melder seg rett over sommeren.<\/p>\n\t\t<\/div>\n\t\t\n\t\t<a class=\"elementor-post__read-more\" href=\"https:\/\/www.styreguiden.no\/SG\/prioriterte-oppgaver-for-styret\/\" aria-label=\"Read more about Prioriterte oppgaver for styret\" tabindex=\"-1\" >\n\t\t\tLES MER \u00bb\t\t<\/a>\n\n\t\t\t\t<\/div>\n\t\t\t\t\t<\/div>\n\t\t<\/article>\n\t\t\t\t<\/div>\n\t\t\n\t\t\t\t<div class=\"e-load-more-anchor\" data-page=\"1\" data-max-page=\"8\" data-next-page=\"https:\/\/www.styreguiden.no\/SG\/wp-json\/wp\/v2\/pages\/1387\/page\/2\/\"><\/div>\n\t\t\t\t<nav class=\"elementor-pagination\" aria-label=\"Pagination\">\n\t\t\t<span class=\"page-numbers prev\">&laquo; Tilbake<\/span>\n<span aria-current=\"page\" class=\"page-numbers current\"><span class=\"elementor-screen-only\">Side<\/span>1<\/span>\n<a class=\"page-numbers\" href=\"https:\/\/www.styreguiden.no\/SG\/wp-json\/wp\/v2\/pages\/1387\/page\/2\/\"><span class=\"elementor-screen-only\">Side<\/span>2<\/a>\n<a class=\"page-numbers\" href=\"https:\/\/www.styreguiden.no\/SG\/wp-json\/wp\/v2\/pages\/1387\/page\/3\/\"><span class=\"elementor-screen-only\">Side<\/span>3<\/a>\n<a class=\"page-numbers\" href=\"https:\/\/www.styreguiden.no\/SG\/wp-json\/wp\/v2\/pages\/1387\/page\/4\/\"><span class=\"elementor-screen-only\">Side<\/span>4<\/a>\n<a class=\"page-numbers\" href=\"https:\/\/www.styreguiden.no\/SG\/wp-json\/wp\/v2\/pages\/1387\/page\/5\/\"><span class=\"elementor-screen-only\">Side<\/span>5<\/a>\n<a class=\"page-numbers next\" href=\"https:\/\/www.styreguiden.no\/SG\/wp-json\/wp\/v2\/pages\/1387\/page\/2\/\">Neste &raquo;<\/a>\t\t<\/nav>\n\t\t\t\t\t\t<\/div>\n\t\t\t\t<\/div>\n\t\t\t\t<div class=\"elementor-element elementor-element-9f78a39 elementor-widget elementor-widget-spacer\" data-id=\"9f78a39\" data-element_type=\"widget\" data-e-type=\"widget\" data-widget_type=\"spacer.default\">\n\t\t\t\t<div class=\"elementor-widget-container\">\n\t\t\t\t\t\t\t<div class=\"elementor-spacer\">\n\t\t\t<div class=\"elementor-spacer-inner\"><\/div>\n\t\t<\/div>\n\t\t\t\t\t\t<\/div>\n\t\t\t\t<\/div>\n\t\t\t\t\t<\/div>\n\t\t<\/div>\n\t\t\t\t\t<\/div>\n\t\t<\/section>\n\t\t\t\t<section class=\"elementor-section elementor-top-section elementor-element elementor-element-80eb998 elementor-section-boxed elementor-section-height-default elementor-section-height-default\" data-id=\"80eb998\" data-element_type=\"section\" data-e-type=\"section\">\n\t\t\t\t\t\t<div class=\"elementor-container elementor-column-gap-default\">\n\t\t\t\t\t<div class=\"elementor-column elementor-col-100 elementor-top-column elementor-element elementor-element-2e5a67a\" data-id=\"2e5a67a\" data-element_type=\"column\" data-e-type=\"column\">\n\t\t\t<div class=\"elementor-widget-wrap elementor-element-populated\">\n\t\t\t\t\t\t<div class=\"elementor-element elementor-element-f4fe16d elementor-widget elementor-widget-spacer\" data-id=\"f4fe16d\" data-element_type=\"widget\" data-e-type=\"widget\" data-widget_type=\"spacer.default\">\n\t\t\t\t<div class=\"elementor-widget-container\">\n\t\t\t\t\t\t\t<div class=\"elementor-spacer\">\n\t\t\t<div class=\"elementor-spacer-inner\"><\/div>\n\t\t<\/div>\n\t\t\t\t\t\t<\/div>\n\t\t\t\t<\/div>\n\t\t\t\t\t<\/div>\n\t\t<\/div>\n\t\t\t\t\t<\/div>\n\t\t<\/section>\n\t\t\t\t<\/div>\n\t\t","protected":false},"excerpt":{"rendered":"","protected":false},"author":1,"featured_media":0,"parent":0,"menu_order":0,"comment_status":"closed","ping_status":"closed","template":"elementor_canvas","meta":{"footnotes":""},"class_list":["post-1387","page","type-page","status-publish","hentry"],"_links":{"self":[{"href":"https:\/\/www.styreguiden.no\/SG\/wp-json\/wp\/v2\/pages\/1387"}],"collection":[{"href":"https:\/\/www.styreguiden.no\/SG\/wp-json\/wp\/v2\/pages"}],"about":[{"href":"https:\/\/www.styreguiden.no\/SG\/wp-json\/wp\/v2\/types\/page"}],"author":[{"embeddable":true,"href":"https:\/\/www.styreguiden.no\/SG\/wp-json\/wp\/v2\/users\/1"}],"replies":[{"embeddable":true,"href":"https:\/\/www.styreguiden.no\/SG\/wp-json\/wp\/v2\/comments?post=1387"}],"version-history":[{"count":30,"href":"https:\/\/www.styreguiden.no\/SG\/wp-json\/wp\/v2\/pages\/1387\/revisions"}],"predecessor-version":[{"id":34159,"href":"https:\/\/www.styreguiden.no\/SG\/wp-json\/wp\/v2\/pages\/1387\/revisions\/34159"}],"wp:attachment":[{"href":"https:\/\/www.styreguiden.no\/SG\/wp-json\/wp\/v2\/media?parent=1387"}],"curies":[{"name":"wp","href":"https:\/\/api.w.org\/{rel}","templated":true}]}}